{"id":12,"date":"2018-07-26T10:00:54","date_gmt":"2018-07-26T10:00:54","guid":{"rendered":"http:\/\/www.cln2family.com\/fr-fr\/?page_id=12"},"modified":"2018-07-27T09:43:29","modified_gmt":"2018-07-27T09:43:29","slug":"home","status":"publish","type":"page","link":"https:\/\/www.cln2family.com\/fr-fr\/","title":{"rendered":"Home"},"content":{"rendered":"[mk_page_section bg_image=&#8221;https:\/\/www.cln2family.com\/wp-content\/uploads\/2016\/07\/banner-bg-new.png&#8221; section_id=&#8221;main-Hbanner&#8221; sidebar=&#8221;sidebar-1&#8243;][vc_column width=&#8221;2\/3&#8243; el_class=&#8221;home-banner-left&#8221;][vc_single_image image=&#8221;35&#8243; img_size=&#8221;full&#8221;][\/vc_column][vc_column width=&#8221;1\/3&#8243; el_class=&#8221;header-callout&#8221;][\/vc_column][vc_column el_class=&#8221;banner-heading&#8221;][mk_fancy_title tag_name=&#8221;h1&#8243; color=&#8221;#ffffff&#8221; size=&#8221;50&#8243; force_font_size=&#8221;true&#8221; font_weight=&#8221;bolder&#8221; margin_bottom=&#8221;60&#8243; font_family=&#8221;Source+Sans+Pro&#8221; font_type=&#8221;google&#8221;]Aider votre famille \u00e0 faire face \u00e0 la CLN2[\/mk_fancy_title][\/vc_column][\/mk_page_section][mk_page_section bg_color=&#8221;#ffffff&#8221; video_loop=&#8221;false&#8221; el_class=&#8221;home-white&#8221; sidebar=&#8221;sidebar-1&#8243;][vc_column width=&#8221;2\/3&#8243; el_class=&#8221;white-left&#8221;][vc_cta h2=&#8221;Qu&#8217;est-ce que la CLN2 ?&#8221; h2_font_container=&#8221;font_size:35px|color:%23585858|line_height:46.55px&#8221; h2_use_theme_fonts=&#8221;yes&#8221; shape=&#8221;square&#8221; add_button=&#8221;bottom&#8221; btn_title=&#8221;Plus d\u2019informations sur la CLN2&#8243; btn_shape=&#8221;square&#8221; btn_color=&#8221;warning&#8221; btn_size=&#8221;lg&#8221; btn_el_class=&#8221;white-btn absarrow1&#8243; el_class=&#8221;white-inner&#8221; css=&#8221;.vc_custom_1532684640976{background-color: #ffffff !important;}&#8221; use_custom_fonts_h2=&#8221;true&#8221; btn_link=&#8221;url:https%3A%2F%2Fwww.cln2family.com%2Ffr-fr%2Fwhat-is-cln2-disease%2F||&#8221;]La CLN2 est une maladie g\u00e9n\u00e9tique rare qui touche les enfants.<sup>1,2<\/sup> Gr\u00e2ce aux recherches qui se poursuivent, les m\u00e9decins ont pu faire d\u2019importantes d\u00e9couvertes qui nous aident \u00e0 comprendre pourquoi cette maladie survient.[\/vc_cta][\/vc_column][vc_column width=&#8221;1\/3&#8243; el_class=&#8221;white-right&#8221;][mk_image src=&#8221;https:\/\/www.cln2family.com\/wp-content\/uploads\/2016\/07\/what-disease.png&#8221; image_size=&#8221;full&#8221; align=&#8221;center&#8221;][\/vc_column][\/mk_page_section][mk_page_section bg_color=&#8221;#ffffff&#8221; video_loop=&#8221;false&#8221; el_class=&#8221;home-purple&#8221; sidebar=&#8221;sidebar-1&#8243;][vc_column width=&#8221;1\/3&#8243; el_class=&#8221;purple-left&#8221;][mk_image src=&#8221;https:\/\/www.cln2family.com\/wp-content\/uploads\/2016\/07\/my-child.png&#8221; image_size=&#8221;full&#8221; align=&#8221;center&#8221;][\/vc_column][vc_column width=&#8221;2\/3&#8243; el_class=&#8221;purple-right&#8221;][vc_cta h2=&#8221;Comment puis-je offrir les meilleurs soins \u00e0 mon enfant ?&#8221; h2_font_container=&#8221;font_size:35px|color:%23585858|line_height:46.55px&#8221; h2_use_theme_fonts=&#8221;yes&#8221; shape=&#8221;square&#8221; add_button=&#8221;bottom&#8221; btn_title=&#8221;Voir les toutes derni\u00e8res strat\u00e9gies de soin pour la CLN2&#8243; btn_shape=&#8221;square&#8221; btn_color=&#8221;warning&#8221; btn_size=&#8221;lg&#8221; btn_el_class=&#8221;white-btn absarrow2&#8243; el_class=&#8221;purple-inner&#8221; css=&#8221;.vc_custom_1532684682931{background-color: #a7a4e0 !important;}&#8221; use_custom_fonts_h2=&#8221;true&#8221; btn_link=&#8221;url:https%3A%2F%2Fwww.cln2family.com%2Ffr-fr%2Fteam-of-specialists%2F%3Ftab%3Done||&#8221;]Les constatations r\u00e9centes des experts m\u00e9dicaux de la CLN2 ont montr\u00e9 que nous disposons de plusieurs moyens importants pour exercer un effet positif sur la vie des enfants atteints de CLN2.[\/vc_cta][\/vc_column][\/mk_page_section][mk_page_section bg_color=&#8221;#ffffff&#8221; video_loop=&#8221;false&#8221; el_class=&#8221;home-white&#8221; sidebar=&#8221;sidebar-1&#8243;][vc_column width=&#8221;2\/3&#8243; el_class=&#8221;white-left&#8221;][vc_cta h2=&#8221;Comment puis-je communiquer avec d&#8217;autres personnes ?&#8221; h2_font_container=&#8221;font_size:35px|color:%23585858|line_height:46.55px&#8221; h2_use_theme_fonts=&#8221;yes&#8221; shape=&#8221;square&#8221; add_button=&#8221;bottom&#8221; btn_title=&#8221;Rester connect\u00e9(e)&#8221; btn_shape=&#8221;square&#8221; btn_color=&#8221;default&#8221; btn_size=&#8221;lg&#8221; btn_el_class=&#8221;white-btn absarrow5&#8243; el_class=&#8221;white-inner&#8221; css=&#8221;.vc_custom_1532684731555{background-color: #ffffff !important;}&#8221; use_custom_fonts_h2=&#8221;true&#8221; btn_link=&#8221;url:https%3A%2F%2Fwww.cln2family.com%2Ffr-fr%2Fconnecting-with-community%2F||&#8221;]Les familles touch\u00e9es par la CLN2 peuvent entrer en relation avec une communaut\u00e9 de soutien grandissante et des groupes de d\u00e9fense pour les personnes atteintes de CLN2 et de la maladie de Batten.[\/vc_cta][\/vc_column][vc_column width=&#8221;1\/3&#8243; el_class=&#8221;white-right&#8221;][mk_image src=&#8221;https:\/\/www.cln2family.com\/wp-content\/uploads\/2016\/07\/connect-1.png&#8221; image_size=&#8221;full&#8221; align=&#8221;center&#8221;][\/vc_column][\/mk_page_section][mk_page_section el_class=&#8221;home_key&#8221; sidebar=&#8221;sidebar-1&#8243;][vc_column][vc_raw_html]JTNDZGl2JTIwY2xhc3MlM0QlMjJzb3VyY2VzJTIyJTNFJTBBJTNDZGl2JTIwY2xhc3MlM0QlMjJzaW1pbGFyX2hlYWRpbmclMjIlM0VQcmluY2lwYWxlcyUyMHNvdXJjZXMlM0MlMkZkaXYlM0UlMEElM0NvbCUzRSUwQSUzQ2xpJTNFS29obHNjaCVDMyVCQ3R0ZXIlMjBBJTJDJTIwU2NodWx6JTIwQS4lMjBDTE4yJTIwZGlzZWFzZSUyMCUyOGNsYXNzaWMlMjBsYXRlJTIwaW5mYW50aWxlJTIwbmV1cm9uYWwlMjBjZXJvaWQlMjBsaXBvZnVzY2lub3NpcyUyOS4lMjAlM0NlbSUzRVBlZGlhdHIlMjBFbmRvY3Jpbm9sJTIwUmV2LiUzQyUyRmVtJTNFJTIwMjAxNiUzQjEzJTIwJTI4U3VwcGwlMjAxJTI5JTNBNjgyLTY4OC4lM0MlMkZsaSUzRSUwQSUzQ2xpJTNFTW9sZSUyMFNFJTJDJTIwV2lsbGlhbXMlMjBSRS4lMjBOZXVyb25hbCUyMGNlcm9pZC1saXBvZnVzY2lub3Nlcy4lMjAyMDAxJTIwT2N0JTIwMTAlMjAlNUJVcGRhdGVkJTIwMjAxMyUyMEF1ZyUyMDElNUQuJTIwSW4lM0ElMjBQYWdvbiUyMFJBJTJDJTIwQWRhbSUyME1QJTJDJTIwQXJkaW5nZXIlMjBISCUyQyUyMGV0JTIwYWwuJTJDJTIwZWRpdG9ycy4lMjBHZW5lUmV2aWV3cyUyNnJlZyUzQi4lM0MlMkZsaSUzRSUwQSUzQyUyRm9sJTNFJTBBJTNDJTJGZGl2JTNF[\/vc_raw_html][\/vc_column][\/mk_page_section]","protected":false},"excerpt":{"rendered":"<p>[mk_page_section bg_image=&#8221;https:\/\/www.cln2family.com\/wp-content\/uploads\/2016\/07\/banner-bg-new.png&#8221; section_id=&#8221;main-Hbanner&#8221; sidebar=&#8221;sidebar-1&#8243;][vc_column width=&#8221;2\/3&#8243; el_class=&#8221;home-banner-left&#8221;][vc_single_image image=&#8221;35&#8243; img_size=&#8221;full&#8221;][\/vc_column][vc_column width=&#8221;1\/3&#8243; el_class=&#8221;header-callout&#8221;][\/vc_column][vc_column el_class=&#8221;banner-heading&#8221;][mk_fancy_title tag_name=&#8221;h1&#8243; color=&#8221;#ffffff&#8221; size=&#8221;50&#8243; force_font_size=&#8221;true&#8221; font_weight=&#8221;bolder&#8221; margin_bottom=&#8221;60&#8243; font_family=&#8221;Source+Sans+Pro&#8221; font_type=&#8221;google&#8221;]Aider votre famille \u00e0 faire face \u00e0 la CLN2[\/mk_fancy_title][\/vc_column][\/mk_page_section][mk_page_section bg_color=&#8221;#ffffff&#8221; video_loop=&#8221;false&#8221; el_class=&#8221;home-white&#8221; sidebar=&#8221;sidebar-1&#8243;][vc_column width=&#8221;2\/3&#8243; el_class=&#8221;white-left&#8221;][vc_cta h2=&#8221;Qu&#8217;est-ce que la CLN2 ?&#8221; h2_font_container=&#8221;font_size:35px|color:%23585858|line_height:46.55px&#8221; h2_use_theme_fonts=&#8221;yes&#8221; shape=&#8221;square&#8221; add_button=&#8221;bottom&#8221; btn_title=&#8221;Plus d\u2019informations sur la CLN2&#8243; btn_shape=&#8221;square&#8221; btn_color=&#8221;warning&#8221; btn_size=&#8221;lg&#8221; btn_el_class=&#8221;white-btn absarrow1&#8243; el_class=&#8221;white-inner&#8221; css=&#8221;.vc_custom_1532684640976{background-color: #ffffff [&hellip;]<\/p>\n","protected":false},"author":1,"featured_media":0,"parent":0,"menu_order":0,"comment_status":"closed","ping_status":"closed","template":"","meta":{"footnotes":""},"class_list":["post-12","page","type-page","status-publish","hentry"],"yoast_head":"<!-- This site is optimized with the Yoast SEO plugin v24.5 - https:\/\/yoast.com\/wordpress\/plugins\/seo\/ -->\n<title>Home - CLN2 Family<\/title>\n<meta name=\"robots\" content=\"index, follow, max-snippet:-1, max-image-preview:large, max-video-preview:-1\" \/>\n<link rel=\"canonical\" href=\"https:\/\/www.cln2family.com\/fr-fr\/\" \/>\n<meta property=\"og:locale\" content=\"en_US\" \/>\n<meta property=\"og:type\" content=\"article\" \/>\n<meta property=\"og:title\" content=\"Home - CLN2 Family\" \/>\n<meta property=\"og:description\" content=\"[mk_page_section bg_image=&#8221;https:\/\/www.cln2family.com\/wp-content\/uploads\/2016\/07\/banner-bg-new.png&#8221; section_id=&#8221;main-Hbanner&#8221; sidebar=&#8221;sidebar-1&#8243;][vc_column width=&#8221;2\/3&#8243; el_class=&#8221;home-banner-left&#8221;][vc_single_image image=&#8221;35&#8243; img_size=&#8221;full&#8221;][\/vc_column][vc_column width=&#8221;1\/3&#8243; el_class=&#8221;header-callout&#8221;][\/vc_column][vc_column el_class=&#8221;banner-heading&#8221;][mk_fancy_title tag_name=&#8221;h1&#8243; color=&#8221;#ffffff&#8221; size=&#8221;50&#8243; force_font_size=&#8221;true&#8221; font_weight=&#8221;bolder&#8221; margin_bottom=&#8221;60&#8243; font_family=&#8221;Source+Sans+Pro&#8221; font_type=&#8221;google&#8221;]Aider votre famille \u00e0 faire face \u00e0 la CLN2[\/mk_fancy_title][\/vc_column][\/mk_page_section][mk_page_section bg_color=&#8221;#ffffff&#8221; video_loop=&#8221;false&#8221; el_class=&#8221;home-white&#8221; sidebar=&#8221;sidebar-1&#8243;][vc_column width=&#8221;2\/3&#8243; el_class=&#8221;white-left&#8221;][vc_cta h2=&#8221;Qu&#8217;est-ce que la CLN2 ?&#8221; h2_font_container=&#8221;font_size:35px|color:%23585858|line_height:46.55px&#8221; h2_use_theme_fonts=&#8221;yes&#8221; shape=&#8221;square&#8221; add_button=&#8221;bottom&#8221; btn_title=&#8221;Plus d\u2019informations sur la CLN2&#8243; btn_shape=&#8221;square&#8221; btn_color=&#8221;warning&#8221; btn_size=&#8221;lg&#8221; btn_el_class=&#8221;white-btn absarrow1&#8243; el_class=&#8221;white-inner&#8221; css=&#8221;.vc_custom_1532684640976{background-color: #ffffff [&hellip;]\" \/>\n<meta property=\"og:url\" content=\"https:\/\/www.cln2family.com\/fr-fr\/\" \/>\n<meta property=\"og:site_name\" content=\"CLN2 Family\" \/>\n<meta property=\"article:modified_time\" content=\"2018-07-27T09:43:29+00:00\" \/>\n<meta name=\"twitter:card\" content=\"summary_large_image\" \/>\n<meta name=\"twitter:label1\" content=\"Est. reading time\" \/>\n\t<meta name=\"twitter:data1\" content=\"3 minutes\" \/>\n<script type=\"application\/ld+json\" class=\"yoast-schema-graph\">{\"@context\":\"https:\/\/schema.org\",\"@graph\":[{\"@type\":\"WebPage\",\"@id\":\"https:\/\/www.cln2family.com\/fr-fr\/\",\"url\":\"https:\/\/www.cln2family.com\/fr-fr\/\",\"name\":\"Home - CLN2 Family\",\"isPartOf\":{\"@id\":\"https:\/\/www.cln2family.com\/fr-fr\/#website\"},\"datePublished\":\"2018-07-26T10:00:54+00:00\",\"dateModified\":\"2018-07-27T09:43:29+00:00\",\"breadcrumb\":{\"@id\":\"https:\/\/www.cln2family.com\/fr-fr\/#breadcrumb\"},\"inLanguage\":\"en-US\",\"potentialAction\":[{\"@type\":\"ReadAction\",\"target\":[\"https:\/\/www.cln2family.com\/fr-fr\/\"]}]},{\"@type\":\"BreadcrumbList\",\"@id\":\"https:\/\/www.cln2family.com\/fr-fr\/#breadcrumb\",\"itemListElement\":[{\"@type\":\"ListItem\",\"position\":1,\"name\":\"Home\",\"item\":\"https:\/\/www.cln2family.com\/fr-fr\/\"},{\"@type\":\"ListItem\",\"position\":2,\"name\":\"Home\"}]},{\"@type\":\"WebSite\",\"@id\":\"https:\/\/www.cln2family.com\/fr-fr\/#website\",\"url\":\"https:\/\/www.cln2family.com\/fr-fr\/\",\"name\":\"CLN2 Family\",\"description\":\"CLN2 Family\",\"potentialAction\":[{\"@type\":\"SearchAction\",\"target\":{\"@type\":\"EntryPoint\",\"urlTemplate\":\"https:\/\/www.cln2family.com\/fr-fr\/?s={search_term_string}\"},\"query-input\":{\"@type\":\"PropertyValueSpecification\",\"valueRequired\":true,\"valueName\":\"search_term_string\"}}],\"inLanguage\":\"en-US\"}]}<\/script>\n<!-- \/ Yoast SEO plugin. -->","yoast_head_json":{"title":"Home - CLN2 Family","robots":{"index":"index","follow":"follow","max-snippet":"max-snippet:-1","max-image-preview":"max-image-preview:large","max-video-preview":"max-video-preview:-1"},"canonical":"https:\/\/www.cln2family.com\/fr-fr\/","og_locale":"en_US","og_type":"article","og_title":"Home - CLN2 Family","og_description":"[mk_page_section bg_image=&#8221;https:\/\/www.cln2family.com\/wp-content\/uploads\/2016\/07\/banner-bg-new.png&#8221; section_id=&#8221;main-Hbanner&#8221; sidebar=&#8221;sidebar-1&#8243;][vc_column width=&#8221;2\/3&#8243; el_class=&#8221;home-banner-left&#8221;][vc_single_image image=&#8221;35&#8243; img_size=&#8221;full&#8221;][\/vc_column][vc_column width=&#8221;1\/3&#8243; el_class=&#8221;header-callout&#8221;][\/vc_column][vc_column el_class=&#8221;banner-heading&#8221;][mk_fancy_title tag_name=&#8221;h1&#8243; color=&#8221;#ffffff&#8221; size=&#8221;50&#8243; force_font_size=&#8221;true&#8221; font_weight=&#8221;bolder&#8221; margin_bottom=&#8221;60&#8243; font_family=&#8221;Source+Sans+Pro&#8221; font_type=&#8221;google&#8221;]Aider votre famille \u00e0 faire face \u00e0 la CLN2[\/mk_fancy_title][\/vc_column][\/mk_page_section][mk_page_section bg_color=&#8221;#ffffff&#8221; video_loop=&#8221;false&#8221; el_class=&#8221;home-white&#8221; sidebar=&#8221;sidebar-1&#8243;][vc_column width=&#8221;2\/3&#8243; el_class=&#8221;white-left&#8221;][vc_cta h2=&#8221;Qu&#8217;est-ce que la CLN2 ?&#8221; h2_font_container=&#8221;font_size:35px|color:%23585858|line_height:46.55px&#8221; h2_use_theme_fonts=&#8221;yes&#8221; shape=&#8221;square&#8221; add_button=&#8221;bottom&#8221; btn_title=&#8221;Plus d\u2019informations sur la CLN2&#8243; btn_shape=&#8221;square&#8221; btn_color=&#8221;warning&#8221; btn_size=&#8221;lg&#8221; btn_el_class=&#8221;white-btn absarrow1&#8243; el_class=&#8221;white-inner&#8221; css=&#8221;.vc_custom_1532684640976{background-color: #ffffff [&hellip;]","og_url":"https:\/\/www.cln2family.com\/fr-fr\/","og_site_name":"CLN2 Family","article_modified_time":"2018-07-27T09:43:29+00:00","twitter_card":"summary_large_image","twitter_misc":{"Est. reading time":"3 minutes"},"schema":{"@context":"https:\/\/schema.org","@graph":[{"@type":"WebPage","@id":"https:\/\/www.cln2family.com\/fr-fr\/","url":"https:\/\/www.cln2family.com\/fr-fr\/","name":"Home - CLN2 Family","isPartOf":{"@id":"https:\/\/www.cln2family.com\/fr-fr\/#website"},"datePublished":"2018-07-26T10:00:54+00:00","dateModified":"2018-07-27T09:43:29+00:00","breadcrumb":{"@id":"https:\/\/www.cln2family.com\/fr-fr\/#breadcrumb"},"inLanguage":"en-US","potentialAction":[{"@type":"ReadAction","target":["https:\/\/www.cln2family.com\/fr-fr\/"]}]},{"@type":"BreadcrumbList","@id":"https:\/\/www.cln2family.com\/fr-fr\/#breadcrumb","itemListElement":[{"@type":"ListItem","position":1,"name":"Home","item":"https:\/\/www.cln2family.com\/fr-fr\/"},{"@type":"ListItem","position":2,"name":"Home"}]},{"@type":"WebSite","@id":"https:\/\/www.cln2family.com\/fr-fr\/#website","url":"https:\/\/www.cln2family.com\/fr-fr\/","name":"CLN2 Family","description":"CLN2 Family","potentialAction":[{"@type":"SearchAction","target":{"@type":"EntryPoint","urlTemplate":"https:\/\/www.cln2family.com\/fr-fr\/?s={search_term_string}"},"query-input":{"@type":"PropertyValueSpecification","valueRequired":true,"valueName":"search_term_string"}}],"inLanguage":"en-US"}]}},"_links":{"self":[{"href":"https:\/\/www.cln2family.com\/fr-fr\/wp-json\/wp\/v2\/pages\/12","targetHints":{"allow":["GET"]}}],"collection":[{"href":"https:\/\/www.cln2family.com\/fr-fr\/wp-json\/wp\/v2\/pages"}],"about":[{"href":"https:\/\/www.cln2family.com\/fr-fr\/wp-json\/wp\/v2\/types\/page"}],"author":[{"embeddable":true,"href":"https:\/\/www.cln2family.com\/fr-fr\/wp-json\/wp\/v2\/users\/1"}],"replies":[{"embeddable":true,"href":"https:\/\/www.cln2family.com\/fr-fr\/wp-json\/wp\/v2\/comments?post=12"}],"version-history":[{"count":5,"href":"https:\/\/www.cln2family.com\/fr-fr\/wp-json\/wp\/v2\/pages\/12\/revisions"}],"predecessor-version":[{"id":54,"href":"https:\/\/www.cln2family.com\/fr-fr\/wp-json\/wp\/v2\/pages\/12\/revisions\/54"}],"wp:attachment":[{"href":"https:\/\/www.cln2family.com\/fr-fr\/wp-json\/wp\/v2\/media?parent=12"}],"curies":[{"name":"wp","href":"https:\/\/api.w.org\/{rel}","templated":true}]}}