{"id":14,"date":"2018-07-26T10:01:56","date_gmt":"2018-07-26T10:01:56","guid":{"rendered":"http:\/\/www.cln2family.com\/fr-fr\/?page_id=14"},"modified":"2018-07-26T14:25:54","modified_gmt":"2018-07-26T14:25:54","slug":"connecting-with-community","status":"publish","type":"page","link":"https:\/\/www.cln2family.com\/fr-fr\/connecting-with-community\/","title":{"rendered":"How can I connect with others?"},"content":{"rendered":"[mk_page_section bg_image=&#8221;https:\/\/www.cln2family.com\/fr-fr\/wp-content\/uploads\/sites\/6\/2018\/07\/banner-bg-new.png&#8221; el_class=&#8221;main-Hbanner&#8221; sidebar=&#8221;sidebar-1&#8243;][vc_column width=&#8221;2\/3&#8243; el_class=&#8221;inner-banner-left&#8221;][vc_single_image image=&#8221;43&#8243; img_size=&#8221;full&#8221; el_class=&#8221;inner-banner_img&#8221;][mk_fancy_title tag_name=&#8221;h1&#8243; color=&#8221;#ffffff&#8221; size=&#8221;38&#8243; force_font_size=&#8221;true&#8221; font_weight=&#8221;bold&#8221; margin_bottom=&#8221;30&#8243; font_family=&#8221;Source+Sans+Pro&#8221; font_type=&#8221;google&#8221;]Comment puis-je communiquer avec d&#8217;autres personnes ?[\/mk_fancy_title][\/vc_column][vc_column width=&#8221;1\/3&#8243; el_class=&#8221;header-callout&#8221;][\/vc_column][\/mk_page_section][mk_page_section el_class=&#8221;community_top&#8221; sidebar=&#8221;sidebar-1&#8243;][vc_column el_class=&#8221;community_heading&#8221;][vc_column_text]\r\n<div class=\"commuhead\">\r\n<h3>Rejoindre une communaut\u00e9 de soutien grandissante pour les personnes atteintes de CLN2<\/h3>\r\n<\/div>\r\nVous n&#8217;\u00eates pas seul(e) : il existe de nombreuses ressources pour soutenir les familles et les aidants d&#8217;enfants atteints de CLN2. S&#8217;occuper d&#8217;un enfant atteint de CLN2 peut \u00eatre \u00e9motionnellement et physiquement \u00e9prouvant. C&#8217;est pourquoi il peut \u00eatre plus facile de g\u00e9rer la maladie en \u00e9changeant avec d&#8217;autres parents et professionnels. Si vous avez un enfant atteint de la maladie de Batten, ces organisations sont l\u00e0 pour vous accueillir et r\u00e9pondre \u00e0 vos questions.[\/vc_column_text][\/vc_column][vc_column width=&#8221;3\/4&#8243; el_class=&#8221;connect_row&#8221;][vc_row_inner][vc_column_inner el_class=&#8221;connect-img&#8221; width=&#8221;1\/3&#8243;][mk_image src=&#8221;https:\/\/www.cln2family.com\/fr-fr\/wp-content\/uploads\/sites\/6\/2018\/07\/batten-logo.png&#8221; image_size=&#8221;full&#8221; target=&#8221;_blank&#8221; title=&#8221;BDSRA logo&#8221; el_class=&#8221;community_btn&#8221;][\/vc_column_inner][vc_column_inner el_class=&#8221;connect_each&#8221; width=&#8221;2\/3&#8243;][vc_cta h2=&#8221;Batten Disease Family Association (BDFA)&#8221; shape=&#8221;square&#8221; style=&#8221;flat&#8221; color=&#8221;white&#8221; add_button=&#8221;bottom&#8221; btn_title=&#8221;Acc\u00e9der au site maintenant&#8221; btn_style=&#8221;flat&#8221; btn_shape=&#8221;square&#8221; use_custom_fonts_h4=&#8221;true&#8221; btn_el_class=&#8221;community_btn absarrow7&#8243; css=&#8221;.vc_custom_1527938470504{background-color: #ffffff !important;}&#8221; el_class=&#8221;connect_box&#8221; btn_link=&#8221;||&#8221;]Cette organisation s&#8217;adresse aux familles, aux aidants et aux professionnels de sant\u00e9 qui s&#8217;occupent d&#8217;enfants, de jeunes gens et d&#8217;adultes atteints de la maladie de Batten. La BDFA a pour but d&#8217;offrir un soutien, de sensibiliser le public et de financer la recherche pour le d\u00e9veloppement de th\u00e9rapies potentielles et, \u00e0 terme, d&#8217;un rem\u00e8de \u00e0 la maladie.[\/vc_cta][\/vc_column_inner][\/vc_row_inner][\/vc_column][\/mk_page_section]","protected":false},"excerpt":{"rendered":"<p>[mk_page_section bg_image=&#8221;https:\/\/www.cln2family.com\/fr-fr\/wp-content\/uploads\/sites\/6\/2018\/07\/banner-bg-new.png&#8221; el_class=&#8221;main-Hbanner&#8221; sidebar=&#8221;sidebar-1&#8243;][vc_column width=&#8221;2\/3&#8243; el_class=&#8221;inner-banner-left&#8221;][vc_single_image image=&#8221;43&#8243; img_size=&#8221;full&#8221; el_class=&#8221;inner-banner_img&#8221;][mk_fancy_title tag_name=&#8221;h1&#8243; color=&#8221;#ffffff&#8221; size=&#8221;38&#8243; force_font_size=&#8221;true&#8221; font_weight=&#8221;bold&#8221; margin_bottom=&#8221;30&#8243; font_family=&#8221;Source+Sans+Pro&#8221; font_type=&#8221;google&#8221;]Comment puis-je communiquer avec d&#8217;autres personnes ?[\/mk_fancy_title][\/vc_column][vc_column width=&#8221;1\/3&#8243; el_class=&#8221;header-callout&#8221;][\/vc_column][\/mk_page_section][mk_page_section el_class=&#8221;community_top&#8221; sidebar=&#8221;sidebar-1&#8243;][vc_column el_class=&#8221;community_heading&#8221;][vc_column_text] Rejoindre une communaut\u00e9 de soutien grandissante pour les personnes atteintes de CLN2 Vous n&#8217;\u00eates pas seul(e) : il existe de nombreuses ressources pour soutenir les familles et [&hellip;]<\/p>\n","protected":false},"author":1,"featured_media":0,"parent":0,"menu_order":0,"comment_status":"closed","ping_status":"closed","template":"","meta":{"footnotes":""},"class_list":["post-14","page","type-page","status-publish","hentry"],"yoast_head":"<!-- This site is optimized with the Yoast SEO plugin v24.5 - https:\/\/yoast.com\/wordpress\/plugins\/seo\/ -->\n<title>How can I connect with others? - CLN2 Family<\/title>\n<meta name=\"robots\" content=\"index, follow, max-snippet:-1, max-image-preview:large, max-video-preview:-1\" \/>\n<link rel=\"canonical\" href=\"https:\/\/www.cln2family.com\/fr-fr\/connecting-with-community\/\" \/>\n<meta property=\"og:locale\" content=\"en_US\" \/>\n<meta property=\"og:type\" content=\"article\" \/>\n<meta property=\"og:title\" content=\"How can I connect with others? - CLN2 Family\" \/>\n<meta property=\"og:description\" content=\"[mk_page_section bg_image=&#8221;https:\/\/www.cln2family.com\/fr-fr\/wp-content\/uploads\/sites\/6\/2018\/07\/banner-bg-new.png&#8221; el_class=&#8221;main-Hbanner&#8221; sidebar=&#8221;sidebar-1&#8243;][vc_column width=&#8221;2\/3&#8243; el_class=&#8221;inner-banner-left&#8221;][vc_single_image image=&#8221;43&#8243; img_size=&#8221;full&#8221; el_class=&#8221;inner-banner_img&#8221;][mk_fancy_title tag_name=&#8221;h1&#8243; color=&#8221;#ffffff&#8221; size=&#8221;38&#8243; force_font_size=&#8221;true&#8221; font_weight=&#8221;bold&#8221; margin_bottom=&#8221;30&#8243; font_family=&#8221;Source+Sans+Pro&#8221; font_type=&#8221;google&#8221;]Comment puis-je communiquer avec d&#8217;autres personnes ?[\/mk_fancy_title][\/vc_column][vc_column width=&#8221;1\/3&#8243; el_class=&#8221;header-callout&#8221;][\/vc_column][\/mk_page_section][mk_page_section el_class=&#8221;community_top&#8221; sidebar=&#8221;sidebar-1&#8243;][vc_column el_class=&#8221;community_heading&#8221;][vc_column_text] Rejoindre une communaut\u00e9 de soutien grandissante pour les personnes atteintes de CLN2 Vous n&#8217;\u00eates pas seul(e) : il existe de nombreuses ressources pour soutenir les familles et [&hellip;]\" \/>\n<meta property=\"og:url\" content=\"https:\/\/www.cln2family.com\/fr-fr\/connecting-with-community\/\" \/>\n<meta property=\"og:site_name\" content=\"CLN2 Family\" \/>\n<meta property=\"article:modified_time\" content=\"2018-07-26T14:25:54+00:00\" \/>\n<meta name=\"twitter:card\" content=\"summary_large_image\" \/>\n<meta name=\"twitter:label1\" content=\"Est. reading time\" \/>\n\t<meta name=\"twitter:data1\" content=\"2 minutes\" \/>\n<script type=\"application\/ld+json\" class=\"yoast-schema-graph\">{\"@context\":\"https:\/\/schema.org\",\"@graph\":[{\"@type\":\"WebPage\",\"@id\":\"https:\/\/www.cln2family.com\/fr-fr\/connecting-with-community\/\",\"url\":\"https:\/\/www.cln2family.com\/fr-fr\/connecting-with-community\/\",\"name\":\"How can I connect with others? - CLN2 Family\",\"isPartOf\":{\"@id\":\"https:\/\/www.cln2family.com\/fr-fr\/#website\"},\"datePublished\":\"2018-07-26T10:01:56+00:00\",\"dateModified\":\"2018-07-26T14:25:54+00:00\",\"breadcrumb\":{\"@id\":\"https:\/\/www.cln2family.com\/fr-fr\/connecting-with-community\/#breadcrumb\"},\"inLanguage\":\"en-US\",\"potentialAction\":[{\"@type\":\"ReadAction\",\"target\":[\"https:\/\/www.cln2family.com\/fr-fr\/connecting-with-community\/\"]}]},{\"@type\":\"BreadcrumbList\",\"@id\":\"https:\/\/www.cln2family.com\/fr-fr\/connecting-with-community\/#breadcrumb\",\"itemListElement\":[{\"@type\":\"ListItem\",\"position\":1,\"name\":\"Home\",\"item\":\"https:\/\/www.cln2family.com\/fr-fr\/\"},{\"@type\":\"ListItem\",\"position\":2,\"name\":\"How can I connect with others?\"}]},{\"@type\":\"WebSite\",\"@id\":\"https:\/\/www.cln2family.com\/fr-fr\/#website\",\"url\":\"https:\/\/www.cln2family.com\/fr-fr\/\",\"name\":\"CLN2 Family\",\"description\":\"CLN2 Family\",\"potentialAction\":[{\"@type\":\"SearchAction\",\"target\":{\"@type\":\"EntryPoint\",\"urlTemplate\":\"https:\/\/www.cln2family.com\/fr-fr\/?s={search_term_string}\"},\"query-input\":{\"@type\":\"PropertyValueSpecification\",\"valueRequired\":true,\"valueName\":\"search_term_string\"}}],\"inLanguage\":\"en-US\"}]}<\/script>\n<!-- \/ Yoast SEO plugin. -->","yoast_head_json":{"title":"How can I connect with others? - CLN2 Family","robots":{"index":"index","follow":"follow","max-snippet":"max-snippet:-1","max-image-preview":"max-image-preview:large","max-video-preview":"max-video-preview:-1"},"canonical":"https:\/\/www.cln2family.com\/fr-fr\/connecting-with-community\/","og_locale":"en_US","og_type":"article","og_title":"How can I connect with others? - CLN2 Family","og_description":"[mk_page_section bg_image=&#8221;https:\/\/www.cln2family.com\/fr-fr\/wp-content\/uploads\/sites\/6\/2018\/07\/banner-bg-new.png&#8221; el_class=&#8221;main-Hbanner&#8221; sidebar=&#8221;sidebar-1&#8243;][vc_column width=&#8221;2\/3&#8243; el_class=&#8221;inner-banner-left&#8221;][vc_single_image image=&#8221;43&#8243; img_size=&#8221;full&#8221; el_class=&#8221;inner-banner_img&#8221;][mk_fancy_title tag_name=&#8221;h1&#8243; color=&#8221;#ffffff&#8221; size=&#8221;38&#8243; force_font_size=&#8221;true&#8221; font_weight=&#8221;bold&#8221; margin_bottom=&#8221;30&#8243; font_family=&#8221;Source+Sans+Pro&#8221; font_type=&#8221;google&#8221;]Comment puis-je communiquer avec d&#8217;autres personnes ?[\/mk_fancy_title][\/vc_column][vc_column width=&#8221;1\/3&#8243; el_class=&#8221;header-callout&#8221;][\/vc_column][\/mk_page_section][mk_page_section el_class=&#8221;community_top&#8221; sidebar=&#8221;sidebar-1&#8243;][vc_column el_class=&#8221;community_heading&#8221;][vc_column_text] Rejoindre une communaut\u00e9 de soutien grandissante pour les personnes atteintes de CLN2 Vous n&#8217;\u00eates pas seul(e) : il existe de nombreuses ressources pour soutenir les familles et [&hellip;]","og_url":"https:\/\/www.cln2family.com\/fr-fr\/connecting-with-community\/","og_site_name":"CLN2 Family","article_modified_time":"2018-07-26T14:25:54+00:00","twitter_card":"summary_large_image","twitter_misc":{"Est. reading time":"2 minutes"},"schema":{"@context":"https:\/\/schema.org","@graph":[{"@type":"WebPage","@id":"https:\/\/www.cln2family.com\/fr-fr\/connecting-with-community\/","url":"https:\/\/www.cln2family.com\/fr-fr\/connecting-with-community\/","name":"How can I connect with others? - CLN2 Family","isPartOf":{"@id":"https:\/\/www.cln2family.com\/fr-fr\/#website"},"datePublished":"2018-07-26T10:01:56+00:00","dateModified":"2018-07-26T14:25:54+00:00","breadcrumb":{"@id":"https:\/\/www.cln2family.com\/fr-fr\/connecting-with-community\/#breadcrumb"},"inLanguage":"en-US","potentialAction":[{"@type":"ReadAction","target":["https:\/\/www.cln2family.com\/fr-fr\/connecting-with-community\/"]}]},{"@type":"BreadcrumbList","@id":"https:\/\/www.cln2family.com\/fr-fr\/connecting-with-community\/#breadcrumb","itemListElement":[{"@type":"ListItem","position":1,"name":"Home","item":"https:\/\/www.cln2family.com\/fr-fr\/"},{"@type":"ListItem","position":2,"name":"How can I connect with others?"}]},{"@type":"WebSite","@id":"https:\/\/www.cln2family.com\/fr-fr\/#website","url":"https:\/\/www.cln2family.com\/fr-fr\/","name":"CLN2 Family","description":"CLN2 Family","potentialAction":[{"@type":"SearchAction","target":{"@type":"EntryPoint","urlTemplate":"https:\/\/www.cln2family.com\/fr-fr\/?s={search_term_string}"},"query-input":{"@type":"PropertyValueSpecification","valueRequired":true,"valueName":"search_term_string"}}],"inLanguage":"en-US"}]}},"_links":{"self":[{"href":"https:\/\/www.cln2family.com\/fr-fr\/wp-json\/wp\/v2\/pages\/14","targetHints":{"allow":["GET"]}}],"collection":[{"href":"https:\/\/www.cln2family.com\/fr-fr\/wp-json\/wp\/v2\/pages"}],"about":[{"href":"https:\/\/www.cln2family.com\/fr-fr\/wp-json\/wp\/v2\/types\/page"}],"author":[{"embeddable":true,"href":"https:\/\/www.cln2family.com\/fr-fr\/wp-json\/wp\/v2\/users\/1"}],"replies":[{"embeddable":true,"href":"https:\/\/www.cln2family.com\/fr-fr\/wp-json\/wp\/v2\/comments?post=14"}],"version-history":[{"count":3,"href":"https:\/\/www.cln2family.com\/fr-fr\/wp-json\/wp\/v2\/pages\/14\/revisions"}],"predecessor-version":[{"id":47,"href":"https:\/\/www.cln2family.com\/fr-fr\/wp-json\/wp\/v2\/pages\/14\/revisions\/47"}],"wp:attachment":[{"href":"https:\/\/www.cln2family.com\/fr-fr\/wp-json\/wp\/v2\/media?parent=14"}],"curies":[{"name":"wp","href":"https:\/\/api.w.org\/{rel}","templated":true}]}}