{"id":27,"date":"2019-02-18T05:53:45","date_gmt":"2019-02-18T05:53:45","guid":{"rendered":"http:\/\/www.cln2family.com\/hr-hr\/?page_id=27"},"modified":"2019-02-26T05:02:21","modified_gmt":"2019-02-26T05:02:21","slug":"connecting-with-community","status":"publish","type":"page","link":"https:\/\/www.cln2family.com\/hr-hr\/connecting-with-community\/","title":{"rendered":"How can I connect with others?"},"content":{"rendered":"[mk_page_section bg_image=&#8221;https:\/\/www.cln2family.com\/hr-hr\/wp-content\/uploads\/sites\/7\/2019\/02\/banner-bg-new.png&#8221; el_class=&#8221;main-Hbanner&#8221; sidebar=&#8221;sidebar-1&#8243;][vc_column width=&#8221;2\/3&#8243; el_class=&#8221;inner-banner-left&#8221;][vc_single_image image=&#8221;21&#8243; img_size=&#8221;full&#8221; el_class=&#8221;inner-banner_img&#8221;][mk_fancy_title tag_name=&#8221;h1&#8243; color=&#8221;#ffffff&#8221; size=&#8221;38&#8243; force_font_size=&#8221;true&#8221; font_weight=&#8221;bold&#8221; margin_bottom=&#8221;30&#8243; font_family=&#8221;Source+Sans+Pro&#8221; font_type=&#8221;google&#8221;]Kako se mogu povezati s drugima?[\/mk_fancy_title][\/vc_column][vc_column width=&#8221;1\/3&#8243; el_class=&#8221;header-callout&#8221;][\/vc_column][\/mk_page_section][mk_page_section el_class=&#8221;community_top&#8221; sidebar=&#8221;sidebar-1&#8243;][vc_column el_class=&#8221;community_heading&#8221;][vc_column_text]\r\n<div class=\"commuhead\">\r\n<h3>Pove\u017eite se sa sve ve\u0107om zajednicom za potporu oboljelim od CLN2 bolesti<\/h3>\r\n<\/div>\r\nNiste sami\u00a0&#8211;\u00a0postoje mnogi resursi podr\u0161ke za obitelji i njegovatelje djece oboljele od bolesti CLN2. Skrb o djetetu koje ima CLN2, mo\u017ee biti emocionalno i fizi\u010dki zahtjevna. Zbog toga pronalazak drugih roditelja i profesionalaca u cilju razgovora mo\u017ee olak\u0161ati no\u0161enje s bole\u0161\u0107u. Ako imate dijete s Battenovom bole\u0161\u0107u, ove Vam organizacije \u017eele dobrodo\u0161licu i nude odgovore na Va\u0161a pitanja.[\/vc_column_text][\/vc_column][vc_column width=&#8221;3\/4&#8243; el_class=&#8221;connect_row&#8221;][vc_row_inner][vc_column_inner el_class=&#8221;connect-img&#8221; width=&#8221;1\/3&#8243;][mk_image src=&#8221;https:\/\/www.cln2family.com\/hr-hr\/wp-content\/uploads\/sites\/7\/2019\/02\/batten-logo.png&#8221; image_size=&#8221;full&#8221; target=&#8221;_blank&#8221; title=&#8221;BDSRA logo&#8221; el_class=&#8221;community_btn&#8221;][\/vc_column_inner][vc_column_inner el_class=&#8221;connect_each&#8221; width=&#8221;2\/3&#8243;][vc_cta h2=&#8221;Udruga obitelji oboljelih od Battenove bolesti (engl. Batten Disease Family Association, BDFA)&#8221; shape=&#8221;square&#8221; style=&#8221;flat&#8221; color=&#8221;white&#8221; add_button=&#8221;bottom&#8221; btn_title=&#8221;Pove\u017eite se danas&#8221; btn_style=&#8221;flat&#8221; btn_shape=&#8221;square&#8221; use_custom_fonts_h4=&#8221;true&#8221; btn_el_class=&#8221;community_btn absarrow7&#8243; css=&#8221;.vc_custom_1535007999988{background-color: #ffffff !important;}&#8221; el_class=&#8221;connect_box&#8221; btn_link=&#8221;||&#8221;]Organizacija za obitelji, njegovatelje i zdravstvene radnike koji poma\u017eu djeci, mladima i odraslima koji \u017eive s Battenovom bole\u0161\u0107u. Cilj udruge BDFA je pru\u017eati podr\u0161ku, podizati svijest o bolesti te financirati istra\u017eivanja za pronalazak mogu\u0107ih na\u010dina lije\u010denja i, kona\u010dno, lijeka.[\/vc_cta][\/vc_column_inner][\/vc_row_inner][vc_row_inner][vc_column_inner el_class=&#8221;connect-img&#8221; width=&#8221;1\/3&#8243;][mk_image src=&#8221;https:\/\/www.cln2family.com\/hr-hr\/wp-content\/uploads\/sites\/7\/2019\/02\/zivot.png&#8221; image_size=&#8221;full&#8221; target=&#8221;_blank&#8221; title=&#8221;zivot logo&#8221; el_class=&#8221;community_btn_group&#8221;][\/vc_column_inner][vc_column_inner el_class=&#8221;connect_each&#8221; width=&#8221;2\/3&#8243;][vc_cta h2=&#8221;\u201c\u017divot\u201d- Udru\u017eenje gra\u0111ana za borbu protiv retkih bolesti kod dece&#8221; shape=&#8221;square&#8221; style=&#8221;flat&#8221; color=&#8221;white&#8221; add_button=&#8221;bottom&#8221; btn_title=&#8221;Pove\u017eite se danas&#8221; btn_style=&#8221;flat&#8221; btn_shape=&#8221;square&#8221; use_custom_fonts_h4=&#8221;true&#8221; btn_el_class=&#8221;community_btn_group absarrow7&#8243; css=&#8221;.vc_custom_1551157280724{background-color: #ffffff !important;}&#8221; el_class=&#8221;connect_box&#8221; btn_link=&#8221;||&#8221;]Udru\u017eenje \u201c\u017divot\u201d je osnovano 2010.godine i od tada je veoma aktivno u podizanju svesti o problemima retkih bolesti , obezbe\u0111ivanju terapije i medicinske opreme kao i pobolj\u0161anju polo\u017eaja u dru\u0161tvu kako obolelih od retkih bolesti tako i njihovih porodica.\r\nNajve\u0107e dostignu\u0107e udru\u017eenja je inicijativa za usvajanje Zakona o prevenciji i dijagnostici geneti\u010dkih bolesti, geneti\u010dki uslovljenih anomalija i retkih bolesti tzv. ZOJIN ZAKON (koji je dobio ime po devoj\u010dici Zoji Mirosavljevi\u0107 koja je preminula od Batenove bolesti 2013.godine u svojoj 9-toj godini \u017eivota ).[\/vc_cta][\/vc_column_inner][\/vc_row_inner][\/vc_column][\/mk_page_section]","protected":false},"excerpt":{"rendered":"<p>[mk_page_section bg_image=&#8221;https:\/\/www.cln2family.com\/hr-hr\/wp-content\/uploads\/sites\/7\/2019\/02\/banner-bg-new.png&#8221; el_class=&#8221;main-Hbanner&#8221; sidebar=&#8221;sidebar-1&#8243;][vc_column width=&#8221;2\/3&#8243; el_class=&#8221;inner-banner-left&#8221;][vc_single_image image=&#8221;21&#8243; img_size=&#8221;full&#8221; el_class=&#8221;inner-banner_img&#8221;][mk_fancy_title tag_name=&#8221;h1&#8243; color=&#8221;#ffffff&#8221; size=&#8221;38&#8243; force_font_size=&#8221;true&#8221; font_weight=&#8221;bold&#8221; margin_bottom=&#8221;30&#8243; font_family=&#8221;Source+Sans+Pro&#8221; font_type=&#8221;google&#8221;]Kako se mogu povezati s drugima?[\/mk_fancy_title][\/vc_column][vc_column width=&#8221;1\/3&#8243; el_class=&#8221;header-callout&#8221;][\/vc_column][\/mk_page_section][mk_page_section el_class=&#8221;community_top&#8221; sidebar=&#8221;sidebar-1&#8243;][vc_column el_class=&#8221;community_heading&#8221;][vc_column_text] Pove\u017eite se sa sve ve\u0107om zajednicom za potporu oboljelim od CLN2 bolesti Niste sami\u00a0&#8211;\u00a0postoje mnogi resursi podr\u0161ke za obitelji i njegovatelje djece oboljele od bolesti CLN2. Skrb o [&hellip;]<\/p>\n","protected":false},"author":1,"featured_media":0,"parent":0,"menu_order":0,"comment_status":"closed","ping_status":"closed","template":"","meta":{"footnotes":""},"class_list":["post-27","page","type-page","status-publish","hentry"],"yoast_head":"<!-- This site is optimized with the Yoast SEO plugin v24.5 - https:\/\/yoast.com\/wordpress\/plugins\/seo\/ -->\n<title>How can I connect with others? - CLN2 Family Croatia<\/title>\n<meta name=\"robots\" content=\"index, follow, max-snippet:-1, max-image-preview:large, max-video-preview:-1\" \/>\n<link rel=\"canonical\" href=\"https:\/\/www.cln2family.com\/hr-hr\/connecting-with-community\/\" \/>\n<meta property=\"og:locale\" content=\"en_US\" \/>\n<meta property=\"og:type\" content=\"article\" \/>\n<meta property=\"og:title\" content=\"How can I connect with others? - CLN2 Family Croatia\" \/>\n<meta property=\"og:description\" content=\"[mk_page_section bg_image=&#8221;https:\/\/www.cln2family.com\/hr-hr\/wp-content\/uploads\/sites\/7\/2019\/02\/banner-bg-new.png&#8221; el_class=&#8221;main-Hbanner&#8221; sidebar=&#8221;sidebar-1&#8243;][vc_column width=&#8221;2\/3&#8243; el_class=&#8221;inner-banner-left&#8221;][vc_single_image image=&#8221;21&#8243; img_size=&#8221;full&#8221; el_class=&#8221;inner-banner_img&#8221;][mk_fancy_title tag_name=&#8221;h1&#8243; color=&#8221;#ffffff&#8221; size=&#8221;38&#8243; force_font_size=&#8221;true&#8221; font_weight=&#8221;bold&#8221; margin_bottom=&#8221;30&#8243; font_family=&#8221;Source+Sans+Pro&#8221; font_type=&#8221;google&#8221;]Kako se mogu povezati s drugima?[\/mk_fancy_title][\/vc_column][vc_column width=&#8221;1\/3&#8243; el_class=&#8221;header-callout&#8221;][\/vc_column][\/mk_page_section][mk_page_section el_class=&#8221;community_top&#8221; sidebar=&#8221;sidebar-1&#8243;][vc_column el_class=&#8221;community_heading&#8221;][vc_column_text] Pove\u017eite se sa sve ve\u0107om zajednicom za potporu oboljelim od CLN2 bolesti Niste sami\u00a0&#8211;\u00a0postoje mnogi resursi podr\u0161ke za obitelji i njegovatelje djece oboljele od bolesti CLN2. Skrb o [&hellip;]\" \/>\n<meta property=\"og:url\" content=\"https:\/\/www.cln2family.com\/hr-hr\/connecting-with-community\/\" \/>\n<meta property=\"og:site_name\" content=\"CLN2 Family Croatia\" \/>\n<meta property=\"article:modified_time\" content=\"2019-02-26T05:02:21+00:00\" \/>\n<meta name=\"twitter:card\" content=\"summary_large_image\" \/>\n<meta name=\"twitter:label1\" content=\"Est. reading time\" \/>\n\t<meta name=\"twitter:data1\" content=\"3 minutes\" \/>\n<script type=\"application\/ld+json\" class=\"yoast-schema-graph\">{\"@context\":\"https:\/\/schema.org\",\"@graph\":[{\"@type\":\"WebPage\",\"@id\":\"https:\/\/www.cln2family.com\/hr-hr\/connecting-with-community\/\",\"url\":\"https:\/\/www.cln2family.com\/hr-hr\/connecting-with-community\/\",\"name\":\"How can I connect with others? - CLN2 Family Croatia\",\"isPartOf\":{\"@id\":\"https:\/\/www.cln2family.com\/hr-hr\/#website\"},\"datePublished\":\"2019-02-18T05:53:45+00:00\",\"dateModified\":\"2019-02-26T05:02:21+00:00\",\"breadcrumb\":{\"@id\":\"https:\/\/www.cln2family.com\/hr-hr\/connecting-with-community\/#breadcrumb\"},\"inLanguage\":\"en-US\",\"potentialAction\":[{\"@type\":\"ReadAction\",\"target\":[\"https:\/\/www.cln2family.com\/hr-hr\/connecting-with-community\/\"]}]},{\"@type\":\"BreadcrumbList\",\"@id\":\"https:\/\/www.cln2family.com\/hr-hr\/connecting-with-community\/#breadcrumb\",\"itemListElement\":[{\"@type\":\"ListItem\",\"position\":1,\"name\":\"Home\",\"item\":\"https:\/\/www.cln2family.com\/hr-hr\/\"},{\"@type\":\"ListItem\",\"position\":2,\"name\":\"How can I connect with others?\"}]},{\"@type\":\"WebSite\",\"@id\":\"https:\/\/www.cln2family.com\/hr-hr\/#website\",\"url\":\"https:\/\/www.cln2family.com\/hr-hr\/\",\"name\":\"CLN2 Family Croatia\",\"description\":\"\",\"potentialAction\":[{\"@type\":\"SearchAction\",\"target\":{\"@type\":\"EntryPoint\",\"urlTemplate\":\"https:\/\/www.cln2family.com\/hr-hr\/?s={search_term_string}\"},\"query-input\":{\"@type\":\"PropertyValueSpecification\",\"valueRequired\":true,\"valueName\":\"search_term_string\"}}],\"inLanguage\":\"en-US\"}]}<\/script>\n<!-- \/ Yoast SEO plugin. -->","yoast_head_json":{"title":"How can I connect with others? - CLN2 Family Croatia","robots":{"index":"index","follow":"follow","max-snippet":"max-snippet:-1","max-image-preview":"max-image-preview:large","max-video-preview":"max-video-preview:-1"},"canonical":"https:\/\/www.cln2family.com\/hr-hr\/connecting-with-community\/","og_locale":"en_US","og_type":"article","og_title":"How can I connect with others? - CLN2 Family Croatia","og_description":"[mk_page_section bg_image=&#8221;https:\/\/www.cln2family.com\/hr-hr\/wp-content\/uploads\/sites\/7\/2019\/02\/banner-bg-new.png&#8221; el_class=&#8221;main-Hbanner&#8221; sidebar=&#8221;sidebar-1&#8243;][vc_column width=&#8221;2\/3&#8243; el_class=&#8221;inner-banner-left&#8221;][vc_single_image image=&#8221;21&#8243; img_size=&#8221;full&#8221; el_class=&#8221;inner-banner_img&#8221;][mk_fancy_title tag_name=&#8221;h1&#8243; color=&#8221;#ffffff&#8221; size=&#8221;38&#8243; force_font_size=&#8221;true&#8221; font_weight=&#8221;bold&#8221; margin_bottom=&#8221;30&#8243; font_family=&#8221;Source+Sans+Pro&#8221; font_type=&#8221;google&#8221;]Kako se mogu povezati s drugima?[\/mk_fancy_title][\/vc_column][vc_column width=&#8221;1\/3&#8243; el_class=&#8221;header-callout&#8221;][\/vc_column][\/mk_page_section][mk_page_section el_class=&#8221;community_top&#8221; sidebar=&#8221;sidebar-1&#8243;][vc_column el_class=&#8221;community_heading&#8221;][vc_column_text] Pove\u017eite se sa sve ve\u0107om zajednicom za potporu oboljelim od CLN2 bolesti Niste sami\u00a0&#8211;\u00a0postoje mnogi resursi podr\u0161ke za obitelji i njegovatelje djece oboljele od bolesti CLN2. Skrb o [&hellip;]","og_url":"https:\/\/www.cln2family.com\/hr-hr\/connecting-with-community\/","og_site_name":"CLN2 Family Croatia","article_modified_time":"2019-02-26T05:02:21+00:00","twitter_card":"summary_large_image","twitter_misc":{"Est. reading time":"3 minutes"},"schema":{"@context":"https:\/\/schema.org","@graph":[{"@type":"WebPage","@id":"https:\/\/www.cln2family.com\/hr-hr\/connecting-with-community\/","url":"https:\/\/www.cln2family.com\/hr-hr\/connecting-with-community\/","name":"How can I connect with others? - CLN2 Family Croatia","isPartOf":{"@id":"https:\/\/www.cln2family.com\/hr-hr\/#website"},"datePublished":"2019-02-18T05:53:45+00:00","dateModified":"2019-02-26T05:02:21+00:00","breadcrumb":{"@id":"https:\/\/www.cln2family.com\/hr-hr\/connecting-with-community\/#breadcrumb"},"inLanguage":"en-US","potentialAction":[{"@type":"ReadAction","target":["https:\/\/www.cln2family.com\/hr-hr\/connecting-with-community\/"]}]},{"@type":"BreadcrumbList","@id":"https:\/\/www.cln2family.com\/hr-hr\/connecting-with-community\/#breadcrumb","itemListElement":[{"@type":"ListItem","position":1,"name":"Home","item":"https:\/\/www.cln2family.com\/hr-hr\/"},{"@type":"ListItem","position":2,"name":"How can I connect with others?"}]},{"@type":"WebSite","@id":"https:\/\/www.cln2family.com\/hr-hr\/#website","url":"https:\/\/www.cln2family.com\/hr-hr\/","name":"CLN2 Family Croatia","description":"","potentialAction":[{"@type":"SearchAction","target":{"@type":"EntryPoint","urlTemplate":"https:\/\/www.cln2family.com\/hr-hr\/?s={search_term_string}"},"query-input":{"@type":"PropertyValueSpecification","valueRequired":true,"valueName":"search_term_string"}}],"inLanguage":"en-US"}]}},"_links":{"self":[{"href":"https:\/\/www.cln2family.com\/hr-hr\/wp-json\/wp\/v2\/pages\/27","targetHints":{"allow":["GET"]}}],"collection":[{"href":"https:\/\/www.cln2family.com\/hr-hr\/wp-json\/wp\/v2\/pages"}],"about":[{"href":"https:\/\/www.cln2family.com\/hr-hr\/wp-json\/wp\/v2\/types\/page"}],"author":[{"embeddable":true,"href":"https:\/\/www.cln2family.com\/hr-hr\/wp-json\/wp\/v2\/users\/1"}],"replies":[{"embeddable":true,"href":"https:\/\/www.cln2family.com\/hr-hr\/wp-json\/wp\/v2\/comments?post=27"}],"version-history":[{"count":9,"href":"https:\/\/www.cln2family.com\/hr-hr\/wp-json\/wp\/v2\/pages\/27\/revisions"}],"predecessor-version":[{"id":68,"href":"https:\/\/www.cln2family.com\/hr-hr\/wp-json\/wp\/v2\/pages\/27\/revisions\/68"}],"wp:attachment":[{"href":"https:\/\/www.cln2family.com\/hr-hr\/wp-json\/wp\/v2\/media?parent=27"}],"curies":[{"name":"wp","href":"https:\/\/api.w.org\/{rel}","templated":true}]}}