{"id":17,"date":"2020-12-21T11:36:28","date_gmt":"2020-12-21T11:36:28","guid":{"rendered":"http:\/\/www.cln2family.com\/ro-ro\/?page_id=17"},"modified":"2020-12-23T09:07:26","modified_gmt":"2020-12-23T09:07:26","slug":"home","status":"publish","type":"page","link":"https:\/\/www.cln2family.com\/ro-ro\/","title":{"rendered":"Home"},"content":{"rendered":"[mk_page_section bg_image=&#8221;https:\/\/www.cln2family.com\/ro-ro\/wp-content\/uploads\/sites\/12\/2020\/12\/banner-bg-new.png&#8221; section_id=&#8221;main-Hbanner&#8221; sidebar=&#8221;sidebar-1&#8243;][vc_column width=&#8221;2\/3&#8243; el_class=&#8221;home-banner-left&#8221;][vc_single_image image=&#8221;9&#8243; img_size=&#8221;full&#8221;][\/vc_column][vc_column width=&#8221;1\/3&#8243; el_class=&#8221;header-callout&#8221;][\/vc_column][vc_column el_class=&#8221;banner-heading&#8221;][mk_fancy_title tag_name=&#8221;h1&#8243; color=&#8221;#ffffff&#8221; size=&#8221;50&#8243; force_font_size=&#8221;true&#8221; font_weight=&#8221;bolder&#8221; margin_bottom=&#8221;60&#8243; font_family=&#8221;Source+Sans+Pro&#8221; font_type=&#8221;google&#8221;]V\u0103 ajut\u0103m familia s\u0103 fac\u0103 fa\u021b\u0103 bolii CLN2[\/mk_fancy_title][\/vc_column][\/mk_page_section][mk_page_section el_class=&#8221;home-white&#8221; sidebar=&#8221;sidebar-1&#8243;][vc_column width=&#8221;2\/3&#8243; el_class=&#8221;white-left&#8221;][vc_cta h2=&#8221;Ce este boala CLN2?&#8221; h2_font_container=&#8221;font_size:35px|color:%23585858|line_height:46.55px&#8221; h2_use_theme_fonts=&#8221;yes&#8221; shape=&#8221;square&#8221; add_button=&#8221;bottom&#8221; btn_title=&#8221;Afla\u021bi mai multe despre boala CLN2&#8243; btn_shape=&#8221;square&#8221; btn_color=&#8221;warning&#8221; btn_size=&#8221;lg&#8221; el_class=&#8221;white-inner&#8221; use_custom_fonts_h2=&#8221;true&#8221; btn_link=&#8221;url:https%3A%2F%2Fwww.cln2family.com%2Fro-ro%2Fwhat-is-cln2-disease%2F||&#8221; btn_el_class=&#8221;white-btn absarrow1&#8243; css=&#8221;.vc_custom_1608643609669{background-color: #ffffff !important;}&#8221;]Boala CLN2 este o tulburare genetic\u0103 rar\u0103 care afecteaz\u0103 copiii.1,2\u00a0\u00cen urma cercet\u0103rii continue, medicii au f\u0103cut descoperiri importante, care ne ajut\u0103 s\u0103 \u00een\u021belegem de ce apare aceast\u0103 boal\u0103.[\/vc_cta][\/vc_column][vc_column width=&#8221;1\/3&#8243; el_class=&#8221;white-right&#8221;][mk_image src=&#8221;https:\/\/www.cln2family.com\/ro-ro\/wp-content\/uploads\/sites\/12\/2020\/12\/what-disease.png&#8221; image_size=&#8221;full&#8221; align=&#8221;center&#8221;][\/vc_column][\/mk_page_section][mk_page_section video_loop=&#8221;false&#8221; el_class=&#8221;home-purple&#8221; sidebar=&#8221;sidebar-1&#8243;][vc_column width=&#8221;1\/3&#8243; el_class=&#8221;purple-left&#8221;][mk_image src=&#8221;https:\/\/www.cln2family.com\/ro-ro\/wp-content\/uploads\/sites\/12\/2020\/12\/my-child.png&#8221; image_size=&#8221;full&#8221; align=&#8221;center&#8221;][\/vc_column][vc_column width=&#8221;2\/3&#8243; el_class=&#8221;purple-right&#8221;][vc_cta h2=&#8221;Cum \u00eei pot asigura copilului meu cele mai bune \u00eengrijiri?&#8221; h2_font_container=&#8221;font_size:35px|color:%23585858|line_height:46.55px&#8221; h2_use_theme_fonts=&#8221;yes&#8221; shape=&#8221;square&#8221; add_button=&#8221;bottom&#8221; btn_title=&#8221;Citi\u021bi despre ultimele strategii de \u00eengrijire pentru CLN2&#8243; btn_shape=&#8221;square&#8221; btn_color=&#8221;warning&#8221; btn_size=&#8221;lg&#8221; el_class=&#8221;purple-inner&#8221; use_custom_fonts_h2=&#8221;true&#8221; btn_el_class=&#8221;white-btn absarrow2&#8243; css=&#8221;.vc_custom_1608714441347{background-color: #a7a4e0 !important;}&#8221; btn_link=&#8221;url:https%3A%2F%2Fwww.cln2family.com%2Fro-ro%2Fteam-of-specialists%2F%3Ftab%3Done|title:%C3%8Engrijiri|&#8221;]Descoperirile recente ale exper\u021bilor medicali \u00een boala CLN2 au ar\u0103tat c\u0103 exist\u0103 c\u00e2teva modalit\u0103\u021bi esen\u021biale prin care putem avea un impact pozitiv \u00een vie\u021bile copiilor afecta\u021bi.[\/vc_cta][\/vc_column][\/mk_page_section][mk_page_section el_class=&#8221;home-white&#8221; sidebar=&#8221;sidebar-1&#8243;][vc_column width=&#8221;2\/3&#8243; el_class=&#8221;white-left&#8221;][vc_cta h2=&#8221;Cum m\u0103 pot conecta cu alte persoane?&#8221; h2_font_container=&#8221;font_size:35px|line_height:46.55px&#8221; h2_use_theme_fonts=&#8221;yes&#8221; shape=&#8221;square&#8221; add_button=&#8221;bottom&#8221; btn_title=&#8221;Conecta\u021bi-v\u0103&#8221; btn_shape=&#8221;square&#8221; btn_color=&#8221;default&#8221; btn_size=&#8221;lg&#8221; use_custom_fonts_h2=&#8221;true&#8221; btn_el_class=&#8221;white-btn absarrow5&#8243; el_class=&#8221;white-inner&#8221; css=&#8221;.vc_custom_1608643746855{background-color: #ffffff !important;}&#8221; btn_link=&#8221;url:https%3A%2F%2Fwww.cln2family.com%2Fro-ro%2Fhow-can-i-connect-with-others%2F||&#8221;]Familiile afectate de boala CLN2 se pot conecta cu o comunitate din ce \u00een ce mai mare de grupuri de sprijin pentru bolile CLN2 \u0219i Batten.[\/vc_cta][\/vc_column][vc_column width=&#8221;1\/3&#8243; el_class=&#8221;white-right&#8221;][mk_image src=&#8221;https:\/\/www.cln2family.com\/ro-ro\/wp-content\/uploads\/sites\/12\/2020\/12\/connect-1.png&#8221; image_size=&#8221;full&#8221; align=&#8221;center&#8221;][\/vc_column][\/mk_page_section][mk_page_section el_class=&#8221;home_key&#8221; sidebar=&#8221;sidebar-1&#8243;][vc_column][vc_raw_html]JTNDZGl2JTIwY2xhc3MlM0QlMjJzb3VyY2VzJTIyJTNFJTBBJTNDZGl2JTIwY2xhc3MlM0QlMjJzaW1pbGFyX2hlYWRpbmclMjIlM0VTdXJzZSUyMHByaW5jaXBhbGUlMjAlM0MlMkZkaXYlM0UlMEElM0NvbCUzRSUwQSUzQ2xpJTNFS29obHNjaCVDMyVCQ3R0ZXIlMjBBJTJDJTIwU2NodWx6JTIwQS4lMjBDTE4yJTIwZGlzZWFzZSUyMCUyOGNsYXNzaWMlMjBsYXRlJTIwaW5mYW50aWxlJTIwbmV1cm9uYWwlMjBjZXJvaWQlMjBsaXBvZnVzY2lub3NpcyUyOSUyMCUzQ2VtJTNFJTI4Qm9hbGElMjBDTE4yJTIwJUUyJTgwJTkzJTIwbGlwb2Z1c2Npbm96YSUyMGNlcm9pZCVDNCU4MyUyMG5ldXJvbmFsJUM0JTgzJTIwaW5mYW50aWwlQzQlODMlMjB0YXJkaXYlQzQlODMlMjBjbGFzaWMlQzQlODMlMjkuJTIwUGVkaWF0ciUyMEVuZG9jcmlub2wlMjBSZXYuJTNDJTJGZW0lM0UlMjAyMDE2JTNCMTMlMjAlMjhTdXBwbCUyMDElMjklM0E2ODItNjg4LiUzQyUyRmxpJTNFJTBBJTNDbGklM0VNb2xlJTIwU0UlMkMlMjBXaWxsaWFtcyUyMFJFLiUyME5ldXJvbmFsJTIwY2Vyb2lkLWxpcG9mdXNjaW5vc2VzLiUyMCUzQ2VtJTNFJTI4TGlwb2Z1c2Npbm96ZWxlJTIwY2Vyb2lkZSUyMG5ldXJvbmFsZSUyOSUzQyUyRmVtJTNFJTIwJTI4JTIwMjAwMSUyME9jdCUyMDEwJTIwJTVCQWN0dWFsaXphdCUyMGxhJTIwMSUyMGF1Zy4lMjAyMDEzJTVELiUyMEluJTNBJTIwUGFnb24lMjBSQSUyQyUyMGV0JTIwYWwlMkMlMjBlZHMuJTIwR2VuZVJldmlld3MlQzIlQUUuJTNDJTJGbGklM0UlMEElM0MlMkZvbCUzRSUwQSUzQyUyRmRpdiUzRQ==[\/vc_raw_html][\/vc_column][\/mk_page_section]","protected":false},"excerpt":{"rendered":"<p>[mk_page_section bg_image=&#8221;https:\/\/www.cln2family.com\/ro-ro\/wp-content\/uploads\/sites\/12\/2020\/12\/banner-bg-new.png&#8221; section_id=&#8221;main-Hbanner&#8221; sidebar=&#8221;sidebar-1&#8243;][vc_column width=&#8221;2\/3&#8243; el_class=&#8221;home-banner-left&#8221;][vc_single_image image=&#8221;9&#8243; img_size=&#8221;full&#8221;][\/vc_column][vc_column width=&#8221;1\/3&#8243; el_class=&#8221;header-callout&#8221;][\/vc_column][vc_column el_class=&#8221;banner-heading&#8221;][mk_fancy_title tag_name=&#8221;h1&#8243; color=&#8221;#ffffff&#8221; size=&#8221;50&#8243; force_font_size=&#8221;true&#8221; font_weight=&#8221;bolder&#8221; margin_bottom=&#8221;60&#8243; font_family=&#8221;Source+Sans+Pro&#8221; font_type=&#8221;google&#8221;]V\u0103 ajut\u0103m familia s\u0103 fac\u0103 fa\u021b\u0103 bolii CLN2[\/mk_fancy_title][\/vc_column][\/mk_page_section][mk_page_section el_class=&#8221;home-white&#8221; sidebar=&#8221;sidebar-1&#8243;][vc_column width=&#8221;2\/3&#8243; el_class=&#8221;white-left&#8221;][vc_cta h2=&#8221;Ce este boala CLN2?&#8221; h2_font_container=&#8221;font_size:35px|color:%23585858|line_height:46.55px&#8221; h2_use_theme_fonts=&#8221;yes&#8221; shape=&#8221;square&#8221; add_button=&#8221;bottom&#8221; btn_title=&#8221;Afla\u021bi mai multe despre boala CLN2&#8243; btn_shape=&#8221;square&#8221; btn_color=&#8221;warning&#8221; btn_size=&#8221;lg&#8221; el_class=&#8221;white-inner&#8221; use_custom_fonts_h2=&#8221;true&#8221; btn_link=&#8221;url:https%3A%2F%2Fwww.cln2family.com%2Fro-ro%2Fwhat-is-cln2-disease%2F||&#8221; btn_el_class=&#8221;white-btn absarrow1&#8243; css=&#8221;.vc_custom_1608643609669{background-color: #ffffff !important;}&#8221;]Boala [&hellip;]<\/p>\n","protected":false},"author":1,"featured_media":0,"parent":0,"menu_order":0,"comment_status":"closed","ping_status":"closed","template":"","meta":{"footnotes":""},"class_list":["post-17","page","type-page","status-publish","hentry"],"_links":{"self":[{"href":"https:\/\/www.cln2family.com\/ro-ro\/wp-json\/wp\/v2\/pages\/17","targetHints":{"allow":["GET"]}}],"collection":[{"href":"https:\/\/www.cln2family.com\/ro-ro\/wp-json\/wp\/v2\/pages"}],"about":[{"href":"https:\/\/www.cln2family.com\/ro-ro\/wp-json\/wp\/v2\/types\/page"}],"author":[{"embeddable":true,"href":"https:\/\/www.cln2family.com\/ro-ro\/wp-json\/wp\/v2\/users\/1"}],"replies":[{"embeddable":true,"href":"https:\/\/www.cln2family.com\/ro-ro\/wp-json\/wp\/v2\/comments?post=17"}],"version-history":[{"count":16,"href":"https:\/\/www.cln2family.com\/ro-ro\/wp-json\/wp\/v2\/pages\/17\/revisions"}],"predecessor-version":[{"id":82,"href":"https:\/\/www.cln2family.com\/ro-ro\/wp-json\/wp\/v2\/pages\/17\/revisions\/82"}],"wp:attachment":[{"href":"https:\/\/www.cln2family.com\/ro-ro\/wp-json\/wp\/v2\/media?parent=17"}],"curies":[{"name":"wp","href":"https:\/\/api.w.org\/{rel}","templated":true}]}}