{"id":5,"date":"2019-04-26T06:23:44","date_gmt":"2019-04-26T06:23:44","guid":{"rendered":"http:\/\/www.cln2family.com\/tr-tr\/?page_id=5"},"modified":"2019-04-26T09:00:37","modified_gmt":"2019-04-26T09:00:37","slug":"ana-sayfa","status":"publish","type":"page","link":"https:\/\/www.cln2family.com\/tr-tr\/","title":{"rendered":"Ana Sayfa"},"content":{"rendered":"[mk_page_section bg_image=&#8221;https:\/\/www.cln2family.com\/en-uk\/wp-content\/uploads\/sites\/2\/2017\/02\/banner-bg-new.png&#8221; section_id=&#8221;main-Hbanner&#8221; sidebar=&#8221;sidebar-1&#8243;][vc_column width=&#8221;2\/3&#8243; el_class=&#8221;home-banner-left&#8221;][vc_single_image image=&#8221;19&#8243; img_size=&#8221;full&#8221;][\/vc_column][vc_column width=&#8221;1\/3&#8243; el_class=&#8221;header-callout&#8221;][\/vc_column][vc_column width=&#8221;3\/4&#8243; el_class=&#8221;banner-heading&#8221;][mk_fancy_title tag_name=&#8221;h1&#8243; color=&#8221;#ffffff&#8221; size=&#8221;50&#8243; force_font_size=&#8221;true&#8221; font_weight=&#8221;bolder&#8221; margin_bottom=&#8221;60&#8243; font_family=&#8221;Source+Sans+Pro&#8221; font_type=&#8221;google&#8221;]<!-- Ailenizin CLN2 hastal\u0131\u011f\u0131yla y\u00fczle\u015fmesine yard\u0131mc\u0131 oluyoruz-->\r\nAilelerin CLN2 hastal\u0131\u011f\u0131 konusunda bilin\u00e7lenmesine yard\u0131mc\u0131 oluyoruz.[\/mk_fancy_title][\/vc_column][\/mk_page_section][mk_page_section bg_color=&#8221;#ffffff&#8221; video_loop=&#8221;false&#8221; el_class=&#8221;home-white&#8221; sidebar=&#8221;sidebar-1&#8243;][vc_column width=&#8221;2\/3&#8243; el_class=&#8221;white-left&#8221;][vc_cta h2=&#8221;CLN2 hastal\u0131\u011f\u0131 nedir?&#8221; h2_font_container=&#8221;font_size:35px|color:%23585858|line_height:46.55px&#8221; h2_use_theme_fonts=&#8221;yes&#8221; shape=&#8221;square&#8221; add_button=&#8221;bottom&#8221; btn_title=&#8221;CLN2 hastal\u0131\u011f\u0131 hakk\u0131nda bilgi edinin&#8221; btn_shape=&#8221;square&#8221; btn_color=&#8221;warning&#8221; btn_size=&#8221;lg&#8221; btn_el_class=&#8221;white-btn absarrow1&#8243; el_class=&#8221;white-inner&#8221; css=&#8221;.vc_custom_1556262160002{background-color: #ffffff !important;}&#8221; use_custom_fonts_h2=&#8221;true&#8221; btn_link=&#8221;url:https%3A%2F%2Fwww.cln2family.com%2Ftr-tr%2Fwhat-is-cln2-disease%2F||&#8221;]CLN2 hastal\u0131\u011f\u0131, \u00e7ocuklar\u0131 etkileyen ve nadir g\u00f6r\u00fclen genetik bir hastal\u0131kt\u0131r.<sup>1,2<\/sup> Doktorlar, y\u00fcr\u00fct\u00fclmekte olan <!--ara\u015ft\u0131rmayla-->ara\u015ft\u0131rmalarla bu hastal\u0131\u011f\u0131n neden ortaya \u00e7\u0131kt\u0131\u011f\u0131n\u0131 anlamam\u0131za yard\u0131mc\u0131 olacak \u00f6nemli ke\u015fifler yapm\u0131\u015ft\u0131r.[\/vc_cta][\/vc_column][vc_column width=&#8221;1\/3&#8243; el_class=&#8221;white-right&#8221;][mk_image src=&#8221;http:\/\/www.cln2family.com\/tr-tr\/wp-content\/uploads\/sites\/10\/2019\/04\/what-disease.png&#8221; image_size=&#8221;full&#8221; align=&#8221;center&#8221;][\/vc_column][\/mk_page_section][mk_page_section bg_color=&#8221;#ffffff&#8221; video_loop=&#8221;false&#8221; el_class=&#8221;home-purple&#8221; sidebar=&#8221;sidebar-1&#8243;][vc_column width=&#8221;1\/3&#8243; el_class=&#8221;purple-left&#8221;][mk_image src=&#8221;http:\/\/www.cln2family.com\/tr-tr\/wp-content\/uploads\/sites\/10\/2019\/04\/my-child.png&#8221; image_size=&#8221;full&#8221; align=&#8221;center&#8221;][\/vc_column][vc_column width=&#8221;2\/3&#8243; el_class=&#8221;purple-right&#8221;][vc_cta h2=&#8221;\u00c7ocu\u011fum i\u00e7in en iyi bak\u0131m\u0131 nas\u0131l sa\u011flayabilirim?&#8221; h2_font_container=&#8221;font_size:35px|color:%23585858|line_height:46.55px&#8221; h2_use_theme_fonts=&#8221;yes&#8221; shape=&#8221;square&#8221; add_button=&#8221;bottom&#8221; btn_title=&#8221;En g\u00fcncel CLN2 bak\u0131m stratejilerini g\u00f6r\u00fcn&#8221; btn_shape=&#8221;square&#8221; btn_color=&#8221;warning&#8221; btn_size=&#8221;lg&#8221; btn_el_class=&#8221;white-btn absarrow2&#8243; el_class=&#8221;purple-inner&#8221; css=&#8221;.vc_custom_1556262269245{background-color: #a7a4e0 !important;}&#8221; use_custom_fonts_h2=&#8221;true&#8221; btn_link=&#8221;url:https%3A%2F%2Fwww.cln2family.com%2Ftr-tr%2Fteam-of-specialists%2F%3Ftab%3Done||&#8221;]<!-- CLN2 hastal\u0131\u011f\u0131 \u00fczerine \u00e7al\u0131\u015fan t\u0131bbi uzmanlar\u0131n son bulgular\u0131, CLN2 hastal\u0131\u011f\u0131 olan \u00e7ocuklar\u0131n ya\u015famlar\u0131 \u00fczerinde olumlu etki b\u0131rakabilece\u011fimiz baz\u0131 kilit y\u00f6ntemler oldu\u011funu g\u00f6stermi\u015ftir.-->\r\nCLN2 hastal\u0131\u011f\u0131 konusunda \u00e7al\u0131\u015fan uzmanlar bu hastalar\u0131n ya\u015famlar\u0131 \u00fczerinde olumlu etkiler sa\u011flayabilecek etkin baz\u0131 bak\u0131m stratejileri geli\u015ftirmi\u015ftir.[\/vc_cta][\/vc_column][\/mk_page_section][mk_page_section bg_color=&#8221;#ffffff&#8221; video_loop=&#8221;false&#8221; el_class=&#8221;home-white&#8221; sidebar=&#8221;sidebar-1&#8243;][vc_column width=&#8221;2\/3&#8243; el_class=&#8221;white-left&#8221;][vc_cta h2=&#8221;Ba\u015fkalar\u0131yla nas\u0131l ileti\u015fime ge\u00e7ebilirim?&#8221; h2_font_container=&#8221;font_size:35px|color:%23585858|line_height:46.55px&#8221; h2_use_theme_fonts=&#8221;yes&#8221; shape=&#8221;square&#8221; add_button=&#8221;bottom&#8221; btn_title=&#8221;Ba\u011flan\u0131n&#8221; btn_shape=&#8221;square&#8221; btn_color=&#8221;default&#8221; btn_size=&#8221;lg&#8221; btn_el_class=&#8221;white-btn absarrow5&#8243; el_class=&#8221;white-inner&#8221; css=&#8221;.vc_custom_1556262291949{background-color: #ffffff !important;}&#8221; use_custom_fonts_h2=&#8221;true&#8221; btn_link=&#8221;url:https%3A%2F%2Fwww.cln2family.com%2Ftr-tr%2Fconnecting-with-community%2F||&#8221;]<!-- CLN2 hastal\u0131\u011f\u0131ndan etkilenen aileler, CLN2 ve Batten hastal\u0131\u011f\u0131na y\u00f6nelik b\u00fcy\u00fcmekte olan destek toplulu\u011fuyla ve savunma gruplar\u0131yla ileti\u015fime ge\u00e7ebilir.-->\r\nCLN2 hastas\u0131 olan aileler bu hastal\u0131kla ilgili giderek b\u00fcy\u00fcyen hasta destek topluluklar\u0131 ile ileti\u015fime ge\u00e7ebilirler[\/vc_cta][\/vc_column][vc_column width=&#8221;1\/3&#8243; el_class=&#8221;white-right&#8221;][mk_image src=&#8221;http:\/\/www.cln2family.com\/tr-tr\/wp-content\/uploads\/sites\/10\/2019\/04\/connect-1.png&#8221; image_size=&#8221;full&#8221; align=&#8221;center&#8221;][\/vc_column][\/mk_page_section][mk_page_section el_class=&#8221;home_key&#8221; sidebar=&#8221;sidebar-1&#8243;][vc_column][vc_raw_html]JTNDZGl2JTIwY2xhc3MlM0QlMjJzb3VyY2VzJTIyJTNFJTBBJTNDZGl2JTIwY2xhc3MlM0QlMjJzaW1pbGFyX2hlYWRpbmclMjIlM0VBbmElMjBrYXluYWtsYXIlM0MlMkZkaXYlM0UlMEElM0NvbCUzRSUwQSUzQ2xpJTNFS29obHNjaCVDMyVCQ3R0ZXIlMjBBJTJDJTIwU2NodWx6JTIwQS4lMjBDTE4yJTIwZGlzZWFzZSUyMCUyOGNsYXNzaWMlMjBsYXRlJTIwaW5mYW50aWxlJTIwbmV1cm9uYWwlMjBjZXJvaWQlMjBsaXBvZnVzY2lub3NpcyUyOS4lMjAlM0NlbSUzRVBlZGlhdHIlMjBFbmRvY3Jpbm9sJTIwUmV2LiUzQyUyRmVtJTNFJTIwMjAxNiUzQjEzJTIwJTI4U3VwcGwlMjAxJTI5JTNBNjgyLTY4OC4lM0MlMkZsaSUzRSUwQSUzQ2xpJTNFTW9sZSUyMFNFJTJDJTIwV2lsbGlhbXMlMjBSRS4lMjBOZXVyb25hbCUyMGNlcm9pZC1saXBvZnVzY2lub3Nlcy4lMjAyMDAxJTIwT2N0JTIwMTAlMjAlNUJVcGRhdGVkJTIwMjAxMyUyMEF1ZyUyMDElNUQuJTIwSW4lM0ElMjBQYWdvbiUyMFJBJTJDJTIwJTNDZW0lM0VldCUyMGFsJTJDJTNDJTJGZW0lM0UlMjBlZHMuJTIwR2VuZVJldmlld3MlMjZyZWclM0IuJTNDJTJGbGklM0UlMEElM0MlMkZvbCUzRSUwQSUzQyUyRmRpdiUzRQ==[\/vc_raw_html][\/vc_column][\/mk_page_section]","protected":false},"excerpt":{"rendered":"<p>[mk_page_section bg_image=&#8221;https:\/\/www.cln2family.com\/en-uk\/wp-content\/uploads\/sites\/2\/2017\/02\/banner-bg-new.png&#8221; section_id=&#8221;main-Hbanner&#8221; sidebar=&#8221;sidebar-1&#8243;][vc_column width=&#8221;2\/3&#8243; el_class=&#8221;home-banner-left&#8221;][vc_single_image image=&#8221;19&#8243; img_size=&#8221;full&#8221;][\/vc_column][vc_column width=&#8221;1\/3&#8243; el_class=&#8221;header-callout&#8221;][\/vc_column][vc_column width=&#8221;3\/4&#8243; el_class=&#8221;banner-heading&#8221;][mk_fancy_title tag_name=&#8221;h1&#8243; color=&#8221;#ffffff&#8221; size=&#8221;50&#8243; force_font_size=&#8221;true&#8221; font_weight=&#8221;bolder&#8221; margin_bottom=&#8221;60&#8243; font_family=&#8221;Source+Sans+Pro&#8221; font_type=&#8221;google&#8221;] Ailelerin CLN2 hastal\u0131\u011f\u0131 konusunda bilin\u00e7lenmesine yard\u0131mc\u0131 oluyoruz.[\/mk_fancy_title][\/vc_column][\/mk_page_section][mk_page_section bg_color=&#8221;#ffffff&#8221; video_loop=&#8221;false&#8221; el_class=&#8221;home-white&#8221; sidebar=&#8221;sidebar-1&#8243;][vc_column width=&#8221;2\/3&#8243; el_class=&#8221;white-left&#8221;][vc_cta h2=&#8221;CLN2 hastal\u0131\u011f\u0131 nedir?&#8221; h2_font_container=&#8221;font_size:35px|color:%23585858|line_height:46.55px&#8221; h2_use_theme_fonts=&#8221;yes&#8221; shape=&#8221;square&#8221; add_button=&#8221;bottom&#8221; btn_title=&#8221;CLN2 hastal\u0131\u011f\u0131 hakk\u0131nda bilgi edinin&#8221; btn_shape=&#8221;square&#8221; btn_color=&#8221;warning&#8221; btn_size=&#8221;lg&#8221; btn_el_class=&#8221;white-btn absarrow1&#8243; el_class=&#8221;white-inner&#8221; css=&#8221;.vc_custom_1556262160002{background-color: #ffffff !important;}&#8221; use_custom_fonts_h2=&#8221;true&#8221; [&hellip;]<\/p>\n","protected":false},"author":1,"featured_media":0,"parent":0,"menu_order":0,"comment_status":"closed","ping_status":"closed","template":"","meta":{"footnotes":""},"class_list":["post-5","page","type-page","status-publish","hentry"],"yoast_head":"<!-- This site is optimized with the Yoast SEO plugin v24.5 - https:\/\/yoast.com\/wordpress\/plugins\/seo\/ -->\n<title>Ana Sayfa - Turkish<\/title>\n<meta name=\"robots\" content=\"index, follow, max-snippet:-1, max-image-preview:large, max-video-preview:-1\" \/>\n<link rel=\"canonical\" href=\"https:\/\/www.cln2family.com\/tr-tr\/\" \/>\n<meta property=\"og:locale\" content=\"en_US\" \/>\n<meta property=\"og:type\" content=\"article\" \/>\n<meta property=\"og:title\" content=\"Ana Sayfa - Turkish\" \/>\n<meta property=\"og:description\" content=\"[mk_page_section bg_image=&#8221;https:\/\/www.cln2family.com\/en-uk\/wp-content\/uploads\/sites\/2\/2017\/02\/banner-bg-new.png&#8221; section_id=&#8221;main-Hbanner&#8221; sidebar=&#8221;sidebar-1&#8243;][vc_column width=&#8221;2\/3&#8243; el_class=&#8221;home-banner-left&#8221;][vc_single_image image=&#8221;19&#8243; img_size=&#8221;full&#8221;][\/vc_column][vc_column width=&#8221;1\/3&#8243; el_class=&#8221;header-callout&#8221;][\/vc_column][vc_column width=&#8221;3\/4&#8243; el_class=&#8221;banner-heading&#8221;][mk_fancy_title tag_name=&#8221;h1&#8243; color=&#8221;#ffffff&#8221; size=&#8221;50&#8243; force_font_size=&#8221;true&#8221; font_weight=&#8221;bolder&#8221; margin_bottom=&#8221;60&#8243; font_family=&#8221;Source+Sans+Pro&#8221; font_type=&#8221;google&#8221;] Ailelerin CLN2 hastal\u0131\u011f\u0131 konusunda bilin\u00e7lenmesine yard\u0131mc\u0131 oluyoruz.[\/mk_fancy_title][\/vc_column][\/mk_page_section][mk_page_section bg_color=&#8221;#ffffff&#8221; video_loop=&#8221;false&#8221; el_class=&#8221;home-white&#8221; sidebar=&#8221;sidebar-1&#8243;][vc_column width=&#8221;2\/3&#8243; el_class=&#8221;white-left&#8221;][vc_cta h2=&#8221;CLN2 hastal\u0131\u011f\u0131 nedir?&#8221; h2_font_container=&#8221;font_size:35px|color:%23585858|line_height:46.55px&#8221; h2_use_theme_fonts=&#8221;yes&#8221; shape=&#8221;square&#8221; add_button=&#8221;bottom&#8221; btn_title=&#8221;CLN2 hastal\u0131\u011f\u0131 hakk\u0131nda bilgi edinin&#8221; btn_shape=&#8221;square&#8221; btn_color=&#8221;warning&#8221; btn_size=&#8221;lg&#8221; btn_el_class=&#8221;white-btn absarrow1&#8243; el_class=&#8221;white-inner&#8221; css=&#8221;.vc_custom_1556262160002{background-color: #ffffff !important;}&#8221; use_custom_fonts_h2=&#8221;true&#8221; [&hellip;]\" \/>\n<meta property=\"og:url\" content=\"https:\/\/www.cln2family.com\/tr-tr\/\" \/>\n<meta property=\"og:site_name\" content=\"Turkish\" \/>\n<meta property=\"article:modified_time\" content=\"2019-04-26T09:00:37+00:00\" \/>\n<meta name=\"twitter:card\" content=\"summary_large_image\" \/>\n<meta name=\"twitter:label1\" content=\"Est. reading time\" \/>\n\t<meta name=\"twitter:data1\" content=\"3 minutes\" \/>\n<script type=\"application\/ld+json\" class=\"yoast-schema-graph\">{\"@context\":\"https:\/\/schema.org\",\"@graph\":[{\"@type\":\"WebPage\",\"@id\":\"https:\/\/www.cln2family.com\/tr-tr\/\",\"url\":\"https:\/\/www.cln2family.com\/tr-tr\/\",\"name\":\"Ana Sayfa - Turkish\",\"isPartOf\":{\"@id\":\"https:\/\/www.cln2family.com\/tr-tr\/#website\"},\"datePublished\":\"2019-04-26T06:23:44+00:00\",\"dateModified\":\"2019-04-26T09:00:37+00:00\",\"breadcrumb\":{\"@id\":\"https:\/\/www.cln2family.com\/tr-tr\/#breadcrumb\"},\"inLanguage\":\"en-US\",\"potentialAction\":[{\"@type\":\"ReadAction\",\"target\":[\"https:\/\/www.cln2family.com\/tr-tr\/\"]}]},{\"@type\":\"BreadcrumbList\",\"@id\":\"https:\/\/www.cln2family.com\/tr-tr\/#breadcrumb\",\"itemListElement\":[{\"@type\":\"ListItem\",\"position\":1,\"name\":\"Home\",\"item\":\"https:\/\/www.cln2family.com\/tr-tr\/\"},{\"@type\":\"ListItem\",\"position\":2,\"name\":\"Ana Sayfa\"}]},{\"@type\":\"WebSite\",\"@id\":\"https:\/\/www.cln2family.com\/tr-tr\/#website\",\"url\":\"https:\/\/www.cln2family.com\/tr-tr\/\",\"name\":\"Turkish\",\"description\":\"CLN2 Family Turkish\",\"potentialAction\":[{\"@type\":\"SearchAction\",\"target\":{\"@type\":\"EntryPoint\",\"urlTemplate\":\"https:\/\/www.cln2family.com\/tr-tr\/?s={search_term_string}\"},\"query-input\":{\"@type\":\"PropertyValueSpecification\",\"valueRequired\":true,\"valueName\":\"search_term_string\"}}],\"inLanguage\":\"en-US\"}]}<\/script>\n<!-- \/ Yoast SEO plugin. -->","yoast_head_json":{"title":"Ana Sayfa - Turkish","robots":{"index":"index","follow":"follow","max-snippet":"max-snippet:-1","max-image-preview":"max-image-preview:large","max-video-preview":"max-video-preview:-1"},"canonical":"https:\/\/www.cln2family.com\/tr-tr\/","og_locale":"en_US","og_type":"article","og_title":"Ana Sayfa - Turkish","og_description":"[mk_page_section bg_image=&#8221;https:\/\/www.cln2family.com\/en-uk\/wp-content\/uploads\/sites\/2\/2017\/02\/banner-bg-new.png&#8221; section_id=&#8221;main-Hbanner&#8221; sidebar=&#8221;sidebar-1&#8243;][vc_column width=&#8221;2\/3&#8243; el_class=&#8221;home-banner-left&#8221;][vc_single_image image=&#8221;19&#8243; img_size=&#8221;full&#8221;][\/vc_column][vc_column width=&#8221;1\/3&#8243; el_class=&#8221;header-callout&#8221;][\/vc_column][vc_column width=&#8221;3\/4&#8243; el_class=&#8221;banner-heading&#8221;][mk_fancy_title tag_name=&#8221;h1&#8243; color=&#8221;#ffffff&#8221; size=&#8221;50&#8243; force_font_size=&#8221;true&#8221; font_weight=&#8221;bolder&#8221; margin_bottom=&#8221;60&#8243; font_family=&#8221;Source+Sans+Pro&#8221; font_type=&#8221;google&#8221;] Ailelerin CLN2 hastal\u0131\u011f\u0131 konusunda bilin\u00e7lenmesine yard\u0131mc\u0131 oluyoruz.[\/mk_fancy_title][\/vc_column][\/mk_page_section][mk_page_section bg_color=&#8221;#ffffff&#8221; video_loop=&#8221;false&#8221; el_class=&#8221;home-white&#8221; sidebar=&#8221;sidebar-1&#8243;][vc_column width=&#8221;2\/3&#8243; el_class=&#8221;white-left&#8221;][vc_cta h2=&#8221;CLN2 hastal\u0131\u011f\u0131 nedir?&#8221; h2_font_container=&#8221;font_size:35px|color:%23585858|line_height:46.55px&#8221; h2_use_theme_fonts=&#8221;yes&#8221; shape=&#8221;square&#8221; add_button=&#8221;bottom&#8221; btn_title=&#8221;CLN2 hastal\u0131\u011f\u0131 hakk\u0131nda bilgi edinin&#8221; btn_shape=&#8221;square&#8221; btn_color=&#8221;warning&#8221; btn_size=&#8221;lg&#8221; btn_el_class=&#8221;white-btn absarrow1&#8243; el_class=&#8221;white-inner&#8221; css=&#8221;.vc_custom_1556262160002{background-color: #ffffff !important;}&#8221; use_custom_fonts_h2=&#8221;true&#8221; [&hellip;]","og_url":"https:\/\/www.cln2family.com\/tr-tr\/","og_site_name":"Turkish","article_modified_time":"2019-04-26T09:00:37+00:00","twitter_card":"summary_large_image","twitter_misc":{"Est. reading time":"3 minutes"},"schema":{"@context":"https:\/\/schema.org","@graph":[{"@type":"WebPage","@id":"https:\/\/www.cln2family.com\/tr-tr\/","url":"https:\/\/www.cln2family.com\/tr-tr\/","name":"Ana Sayfa - Turkish","isPartOf":{"@id":"https:\/\/www.cln2family.com\/tr-tr\/#website"},"datePublished":"2019-04-26T06:23:44+00:00","dateModified":"2019-04-26T09:00:37+00:00","breadcrumb":{"@id":"https:\/\/www.cln2family.com\/tr-tr\/#breadcrumb"},"inLanguage":"en-US","potentialAction":[{"@type":"ReadAction","target":["https:\/\/www.cln2family.com\/tr-tr\/"]}]},{"@type":"BreadcrumbList","@id":"https:\/\/www.cln2family.com\/tr-tr\/#breadcrumb","itemListElement":[{"@type":"ListItem","position":1,"name":"Home","item":"https:\/\/www.cln2family.com\/tr-tr\/"},{"@type":"ListItem","position":2,"name":"Ana Sayfa"}]},{"@type":"WebSite","@id":"https:\/\/www.cln2family.com\/tr-tr\/#website","url":"https:\/\/www.cln2family.com\/tr-tr\/","name":"Turkish","description":"CLN2 Family Turkish","potentialAction":[{"@type":"SearchAction","target":{"@type":"EntryPoint","urlTemplate":"https:\/\/www.cln2family.com\/tr-tr\/?s={search_term_string}"},"query-input":{"@type":"PropertyValueSpecification","valueRequired":true,"valueName":"search_term_string"}}],"inLanguage":"en-US"}]}},"_links":{"self":[{"href":"https:\/\/www.cln2family.com\/tr-tr\/wp-json\/wp\/v2\/pages\/5","targetHints":{"allow":["GET"]}}],"collection":[{"href":"https:\/\/www.cln2family.com\/tr-tr\/wp-json\/wp\/v2\/pages"}],"about":[{"href":"https:\/\/www.cln2family.com\/tr-tr\/wp-json\/wp\/v2\/types\/page"}],"author":[{"embeddable":true,"href":"https:\/\/www.cln2family.com\/tr-tr\/wp-json\/wp\/v2\/users\/1"}],"replies":[{"embeddable":true,"href":"https:\/\/www.cln2family.com\/tr-tr\/wp-json\/wp\/v2\/comments?post=5"}],"version-history":[{"count":4,"href":"https:\/\/www.cln2family.com\/tr-tr\/wp-json\/wp\/v2\/pages\/5\/revisions"}],"predecessor-version":[{"id":42,"href":"https:\/\/www.cln2family.com\/tr-tr\/wp-json\/wp\/v2\/pages\/5\/revisions\/42"}],"wp:attachment":[{"href":"https:\/\/www.cln2family.com\/tr-tr\/wp-json\/wp\/v2\/media?parent=5"}],"curies":[{"name":"wp","href":"https:\/\/api.w.org\/{rel}","templated":true}]}}